{"id":5682,"date":"2023-04-21T14:03:32","date_gmt":"2023-04-21T14:03:32","guid":{"rendered":"https:\/\/sircan.cat\/tienda\/?post_type=product&#038;p=5682"},"modified":"2023-04-21T14:06:24","modified_gmt":"2023-04-21T14:06:24","slug":"royal-canin-feline-intestinal-400-gr","status":"publish","type":"product","link":"https:\/\/sircan.cat\/tienda\/producto\/royal-canin-feline-intestinal-400-gr\/","title":{"rendered":"ROYAL CANIN FELINE INTESTINAL 400 GR"},"content":{"rendered":"<h2>Comida para Gatos Royal Canin Feline Gastro Intestinal<\/h2>\n<p>Pienso para gatos adultos de todas las razas con problemas intestinales, entre los que destacan los v\u00f3mitos y diarreas. Contiene fibra, que ayuda a la movilidad intestinal y contribuye a nutrir la flora del intestino. Adem\u00e1s, aporta \u00e1cidos grasos de la cadena larga EPA y DHA para favorecer su salud.<\/p>\n<h3>Caracter\u00edsticas\u00a0Royal Canin Gato Gastro Intestinal:<\/h3>\n<p>&#8211; Mejora el proceso de digesti\u00f3n.<\/p>\n<p>&#8211; Reduce las deposiciones.<\/p>\n<p>&#8211; Previene la regurgitaci\u00f3n.<\/p>\n<p>&#8211; Aporta vitalidad y es antioxidante.<\/p>\n<p>&#8211; Menos carga estomacal gracias a sus nutrientes de alta densidad.<\/p>\n<h3>Royal Canin Ingredientes:<\/h3>\n<p>Prote\u00edna de ave deshidratada**, arroz**, grasas animales**, gluten de trigo**, fibras vegetales, gluten de ma\u00edz**, hidrolizado de h\u00edgado de ave, sales minerales, huevo en polvo, pulpa de remolacha deshidratada, aceite de pescado**, aceite de soja**, productos de levadura, c\u00e1scaras y semillas de zaragatona (fuentes de sustancias viscosas), fructo-oligosac\u00e1ridos (0,48 %), hidrolizado de levaduras (fuente de manano-oligosac\u00e1ridos) (0,19 %), extracto de Rosa de la India (fuente de lute\u00edna).<\/p>\n<h3>Royal Canin Opiniones:<\/h3>\n<p>Royal Canin ofrece un pienso de alta calidad para gatos con problemas intestinales, elaborado con productos fresco y naturales para que eliminen esas molestias y se mantengan saludables. Una de las mejores opciones para gatos con diarreas y v\u00f3mitos.<\/p>\n<h3>Aditivos:<\/h3>\n<p>&#8211; Aditivos nutricionales: Vitamina A (21 500 UI\/kg), vitamina D3 (800 UI\/kg), hierro (41 mg\/kg), yodo (4,1 mg\/kg), cobre (13 mg\/kg), manganeso (54 mg\/kg), zinc (132 mg\/kg), selenio (0,08 mg\/kg).<\/p>\n<p>&#8211; Aditivos tecnol\u00f3gicos: Clinoptilolita de origen sedimentario: 10 g<\/p>\n<p>Conservantes. Antioxidantes.<\/p>\n<h3>Componentes Anal\u00edticos:<\/h3>\n<p>Prote\u00edna bruta 32.0 %, Grasa bruta 22.0 %, Fibra bruta 4.9 %, Ceniza bruta 8.5 %, Calcio 1.02 %, F\u00f3sforo 1.02 %, Magnesio 0.09 %, \u00c1cido araquid\u00f3nico 0.1 %, Biotina 3.31 mg, Cloruro 1.1 %, Colina 2500.0 mg, Hierro 201.0 mg, Humedad 7.0 %.<\/p>\n<h3>Tabla de Racionamiento:<\/h3>\n<table class=\"bk-table\" width=\"532\">\n<colgroup>\n<col width=\"*\" \/>\n<col width=\"*\" \/>\n<col width=\"*\" \/>\n<col width=\"*\" \/><\/colgroup>\n<tbody>\n<tr>\n<td align=\"center\"><small>Peso del gato<\/small><\/td>\n<td align=\"center\"><small>delgado<\/small><\/td>\n<td align=\"center\"><small>normal<\/small><\/td>\n<td align=\"center\"><small>con sobrepeso<\/small><\/td>\n<\/tr>\n<tr>\n<td align=\"center\"><small>2 kg<\/small><\/td>\n<td align=\"center\"><small>37 g<\/small><\/td>\n<td align=\"center\"><small>31 g<\/small><\/td>\n<td align=\"center\"><small>25 g<\/small><\/td>\n<\/tr>\n<tr>\n<td align=\"center\"><small>2,5 kg<\/small><\/td>\n<td align=\"center\"><small>44 g<\/small><\/td>\n<td align=\"center\"><small>36 g<\/small><\/td>\n<td align=\"center\"><small>29 g<\/small><\/td>\n<\/tr>\n<tr>\n<td align=\"center\"><small>3 kg<\/small><\/td>\n<td align=\"center\"><small>50 g<\/small><\/td>\n<td align=\"center\"><small>41 g<\/small><\/td>\n<td align=\"center\"><small>33 g<\/small><\/td>\n<\/tr>\n<tr>\n<td align=\"center\"><small>3,5 kg<\/small><\/td>\n<td align=\"center\"><small>55 g<\/small><\/td>\n<td align=\"center\"><small>46 g<\/small><\/td>\n<td align=\"center\"><small>37 g<\/small><\/td>\n<\/tr>\n<tr>\n<td align=\"center\"><small>4 kg<\/small><\/td>\n<td align=\"center\"><small>61 g<\/small><\/td>\n<td align=\"center\"><small>51 g<\/small><\/td>\n<td align=\"center\"><small>41 g<\/small><\/td>\n<\/tr>\n<tr>\n<td align=\"center\"><small>4,5 kg<\/small><\/td>\n<td align=\"center\"><small>66 g<\/small><\/td>\n<td align=\"center\"><small>55 g<\/small><\/td>\n<td align=\"center\"><small>44 g<\/small><\/td>\n<\/tr>\n<tr>\n<td align=\"center\"><small>5 kg<\/small><\/td>\n<td align=\"center\"><small>71 g<\/small><\/td>\n<td align=\"center\"><small>60 g<\/small><\/td>\n<td align=\"center\"><small>48 g<\/small><\/td>\n<\/tr>\n<tr>\n<td align=\"center\"><small>5,5 kg<\/small><\/td>\n<td align=\"center\"><small>76 g<\/small><\/td>\n<td align=\"center\"><small>64 g<\/small><\/td>\n<td align=\"center\"><small>51 g<\/small><\/td>\n<\/tr>\n<tr>\n<td align=\"center\"><small>6 kg<\/small><\/td>\n<td align=\"center\"><small>81 g<\/small><\/td>\n<td align=\"center\"><small>68 g<\/small><\/td>\n<td align=\"center\"><small>54 g<\/small><\/td>\n<\/tr>\n<tr>\n<td align=\"center\"><small>6,5 kg<\/small><\/td>\n<td align=\"center\"><small>86 g<\/small><\/td>\n<td align=\"center\"><small>72 g<\/small><\/td>\n<td align=\"center\"><small>57 g<\/small><\/td>\n<\/tr>\n<tr>\n<td align=\"center\"><small>7 kg<\/small><\/td>\n<td align=\"center\"><small>91 g<\/small><\/td>\n<td align=\"center\"><small>76 g<\/small><\/td>\n<td align=\"center\"><small>60 g<\/small><\/td>\n<\/tr>\n<tr>\n<td align=\"center\"><small>7,5 kg<\/small><\/td>\n<td align=\"center\"><small>95 g<\/small><\/td>\n<td align=\"center\"><small>80 g<\/small><\/td>\n<td align=\"center\"><small>64 g<\/small><\/td>\n<\/tr>\n<tr>\n<td align=\"center\"><small>8 kg<\/small><\/td>\n<td align=\"center\"><small>100 g<\/small><\/td>\n<td align=\"center\"><small>83 g<\/small><\/td>\n<td align=\"center\"><small>67 g<\/small><\/td>\n<\/tr>\n<tr>\n<td align=\"center\"><small>8,5 kg<\/small><\/td>\n<td align=\"center\"><small>104 g<\/small><\/td>\n<td align=\"center\"><small>87 g<\/small><\/td>\n<td align=\"center\"><small>69 g<\/small><\/td>\n<\/tr>\n<tr>\n<td align=\"center\"><small>9 kg<\/small><\/td>\n<td align=\"center\"><small>108 g<\/small><\/td>\n<td align=\"center\"><small>91 g<\/small><\/td>\n<td align=\"center\"><small>72 g<\/small><\/td>\n<\/tr>\n<tr>\n<td align=\"center\"><small>9,5 k<\/small><\/td>\n<td align=\"center\"><small>113 g<\/small><\/td>\n<td align=\"center\"><small>94 g<\/small><\/td>\n<td align=\"center\"><small>75 g<\/small><\/td>\n<\/tr>\n<tr>\n<td align=\"center\"><small>10 kg<\/small><\/td>\n<td align=\"center\"><small>117 g<\/small><\/td>\n<td align=\"center\"><small>98 g<\/small><\/td>\n<td align=\"center\"><small>78 g<\/small><\/p>\n<p>&nbsp;<\/td>\n<\/tr>\n<\/tbody>\n<\/table>\n<h3>Presentaci\u00f3n\u00a0Royal Canin Gato Gastrointestinal:<\/h3>\n<p>Formato de 400 gr, 2 kg y 4 kg.<\/p>\n","protected":false},"excerpt":{"rendered":"<h2>Comida para Gatos Royal Canin Feline Gastro Intestinal<\/h2>\n<p>Pienso para gatos adultos de todas las razas con problemas intestinales, entre los que destacan los v\u00f3mitos y diarreas.<\/p>\n","protected":false},"featured_media":5687,"template":"","meta":{"site-sidebar-layout":"default","site-content-layout":"default","ast-site-content-layout":"","site-content-style":"default","site-sidebar-style":"default","ast-global-header-display":"","ast-banner-title-visibility":"","ast-main-header-display":"","ast-hfb-above-header-display":"","ast-hfb-below-header-display":"","ast-hfb-mobile-header-display":"","site-post-title":"","ast-breadcrumbs-content":"","ast-featured-img":"","footer-sml-layout":"","theme-transparent-header-meta":"default","adv-header-id-meta":"","stick-header-meta":"","header-above-stick-meta":"","header-main-stick-meta":"","header-below-stick-meta":"","astra-migrate-meta-layouts":"default","ast-page-background-enabled":"default","ast-page-background-meta":{"desktop":{"background-color":"","background-image":"","background-repeat":"repeat","background-position":"center center","background-size":"auto","background-attachment":"scroll","background-type":"","background-media":"","overlay-type":"","overlay-color":"","overlay-gradient":""},"tablet":{"background-color":"","background-image":"","background-repeat":"repeat","background-position":"center center","background-size":"auto","background-attachment":"scroll","background-type":"","background-media":"","overlay-type":"","overlay-color":"","overlay-gradient":""},"mobile":{"background-color":"","background-image":"","background-repeat":"repeat","background-position":"center center","background-size":"auto","background-attachment":"scroll","background-type":"","background-media":"","overlay-type":"","overlay-color":"","overlay-gradient":""}},"ast-content-background-meta":{"desktop":{"background-color":"var(--ast-global-color-5)","background-image":"","background-repeat":"repeat","background-position":"center center","background-size":"auto","background-attachment":"scroll","background-type":"","background-media":"","overlay-type":"","overlay-color":"","overlay-gradient":""},"tablet":{"background-color":"var(--ast-global-color-5)","background-image":"","background-repeat":"repeat","background-position":"center center","background-size":"auto","background-attachment":"scroll","background-type":"","background-media":"","overlay-type":"","overlay-color":"","overlay-gradient":""},"mobile":{"background-color":"var(--ast-global-color-5)","background-image":"","background-repeat":"repeat","background-position":"center center","background-size":"auto","background-attachment":"scroll","background-type":"","background-media":"","overlay-type":"","overlay-color":"","overlay-gradient":""}}},"product_cat":[48,58],"product_tag":[72],"class_list":{"0":"post-5682","1":"product","2":"type-product","3":"status-publish","4":"has-post-thumbnail","6":"product_cat-gato","7":"product_cat-royal-canin","8":"product_tag-pienso","9":"desktop-align-center","10":"tablet-align-center","11":"mobile-align-center","13":"first","14":"instock","15":"featured","16":"taxable","17":"shipping-taxable","18":"purchasable","19":"product-type-simple"},"yoast_head":"<!-- This site is optimized with the Yoast SEO plugin v22.6 - https:\/\/yoast.com\/wordpress\/plugins\/seo\/ -->\n<title>ROYAL CANIN FELINE INTESTINAL 400 GR - Sircan - Hospital Veterinari Sitges<\/title>\n<meta name=\"robots\" content=\"index, follow, max-snippet:-1, max-image-preview:large, max-video-preview:-1\" \/>\n<link rel=\"canonical\" href=\"https:\/\/sircan.cat\/tienda\/producto\/royal-canin-feline-intestinal-400-gr\/\" \/>\n<meta property=\"og:locale\" content=\"es_ES\" \/>\n<meta property=\"og:type\" content=\"article\" \/>\n<meta property=\"og:title\" content=\"ROYAL CANIN FELINE INTESTINAL 400 GR - Sircan - Hospital Veterinari Sitges\" \/>\n<meta property=\"og:description\" content=\"Comida para Gatos Royal Canin Feline Gastro Intestinal Pienso para gatos adultos de todas las razas con problemas intestinales, entre los que destacan los v\u00f3mitos y diarreas.\" \/>\n<meta property=\"og:url\" content=\"https:\/\/sircan.cat\/tienda\/producto\/royal-canin-feline-intestinal-400-gr\/\" \/>\n<meta property=\"og:site_name\" content=\"Sircan - Hospital Veterinari Sitges\" \/>\n<meta property=\"article:modified_time\" content=\"2023-04-21T14:06:24+00:00\" \/>\n<meta property=\"og:image\" content=\"https:\/\/sircan.cat\/tienda\/wp-content\/uploads\/2023\/04\/royal-canin-gastro-intestinal-gato.png\" \/>\n\t<meta property=\"og:image:width\" content=\"420\" \/>\n\t<meta property=\"og:image:height\" content=\"420\" \/>\n\t<meta property=\"og:image:type\" content=\"image\/png\" \/>\n<meta name=\"twitter:card\" content=\"summary_large_image\" \/>\n<meta name=\"twitter:label1\" content=\"Tiempo de lectura\" \/>\n\t<meta name=\"twitter:data1\" content=\"2 minutos\" \/>\n<script type=\"application\/ld+json\" class=\"yoast-schema-graph\">{\"@context\":\"https:\/\/schema.org\",\"@graph\":[{\"@type\":\"WebPage\",\"@id\":\"https:\/\/sircan.cat\/tienda\/producto\/royal-canin-feline-intestinal-400-gr\/\",\"url\":\"https:\/\/sircan.cat\/tienda\/producto\/royal-canin-feline-intestinal-400-gr\/\",\"name\":\"ROYAL CANIN FELINE INTESTINAL 400 GR - Sircan - Hospital Veterinari Sitges\",\"isPartOf\":{\"@id\":\"https:\/\/sircan.cat\/tienda\/#website\"},\"primaryImageOfPage\":{\"@id\":\"https:\/\/sircan.cat\/tienda\/producto\/royal-canin-feline-intestinal-400-gr\/#primaryimage\"},\"image\":{\"@id\":\"https:\/\/sircan.cat\/tienda\/producto\/royal-canin-feline-intestinal-400-gr\/#primaryimage\"},\"thumbnailUrl\":\"https:\/\/sircan.cat\/tienda\/wp-content\/uploads\/2023\/04\/royal-canin-gastro-intestinal-gato.png\",\"datePublished\":\"2023-04-21T14:03:32+00:00\",\"dateModified\":\"2023-04-21T14:06:24+00:00\",\"breadcrumb\":{\"@id\":\"https:\/\/sircan.cat\/tienda\/producto\/royal-canin-feline-intestinal-400-gr\/#breadcrumb\"},\"inLanguage\":\"es\",\"potentialAction\":[{\"@type\":\"ReadAction\",\"target\":[\"https:\/\/sircan.cat\/tienda\/producto\/royal-canin-feline-intestinal-400-gr\/\"]}]},{\"@type\":\"ImageObject\",\"inLanguage\":\"es\",\"@id\":\"https:\/\/sircan.cat\/tienda\/producto\/royal-canin-feline-intestinal-400-gr\/#primaryimage\",\"url\":\"https:\/\/sircan.cat\/tienda\/wp-content\/uploads\/2023\/04\/royal-canin-gastro-intestinal-gato.png\",\"contentUrl\":\"https:\/\/sircan.cat\/tienda\/wp-content\/uploads\/2023\/04\/royal-canin-gastro-intestinal-gato.png\",\"width\":420,\"height\":420},{\"@type\":\"BreadcrumbList\",\"@id\":\"https:\/\/sircan.cat\/tienda\/producto\/royal-canin-feline-intestinal-400-gr\/#breadcrumb\",\"itemListElement\":[{\"@type\":\"ListItem\",\"position\":1,\"name\":\"Portada\",\"item\":\"https:\/\/sircan.cat\/tienda\/\"},{\"@type\":\"ListItem\",\"position\":2,\"name\":\"Tienda\",\"item\":\"https:\/\/sircan.cat\/tienda\/tienda\/\"},{\"@type\":\"ListItem\",\"position\":3,\"name\":\"ROYAL CANIN FELINE INTESTINAL 400 GR\"}]},{\"@type\":\"WebSite\",\"@id\":\"https:\/\/sircan.cat\/tienda\/#website\",\"url\":\"https:\/\/sircan.cat\/tienda\/\",\"name\":\"Sircan - Hospital Veterinari Sitges\",\"description\":\"Tienda online\",\"publisher\":{\"@id\":\"https:\/\/sircan.cat\/tienda\/#organization\"},\"potentialAction\":[{\"@type\":\"SearchAction\",\"target\":{\"@type\":\"EntryPoint\",\"urlTemplate\":\"https:\/\/sircan.cat\/tienda\/?s={search_term_string}\"},\"query-input\":\"required name=search_term_string\"}],\"inLanguage\":\"es\"},{\"@type\":\"Organization\",\"@id\":\"https:\/\/sircan.cat\/tienda\/#organization\",\"name\":\"Sircan - Hospital Veterinari Sitges\",\"url\":\"https:\/\/sircan.cat\/tienda\/\",\"logo\":{\"@type\":\"ImageObject\",\"inLanguage\":\"es\",\"@id\":\"https:\/\/sircan.cat\/tienda\/#\/schema\/logo\/image\/\",\"url\":\"https:\/\/sircan.cat\/tienda\/wp-content\/uploads\/2023\/04\/cropped-logo_web.jpg\",\"contentUrl\":\"https:\/\/sircan.cat\/tienda\/wp-content\/uploads\/2023\/04\/cropped-logo_web.jpg\",\"width\":105,\"height\":104,\"caption\":\"Sircan - Hospital Veterinari Sitges\"},\"image\":{\"@id\":\"https:\/\/sircan.cat\/tienda\/#\/schema\/logo\/image\/\"}}]}<\/script>\n<!-- \/ Yoast SEO plugin. -->","yoast_head_json":{"title":"ROYAL CANIN FELINE INTESTINAL 400 GR - Sircan - Hospital Veterinari Sitges","robots":{"index":"index","follow":"follow","max-snippet":"max-snippet:-1","max-image-preview":"max-image-preview:large","max-video-preview":"max-video-preview:-1"},"canonical":"https:\/\/sircan.cat\/tienda\/producto\/royal-canin-feline-intestinal-400-gr\/","og_locale":"es_ES","og_type":"article","og_title":"ROYAL CANIN FELINE INTESTINAL 400 GR - Sircan - Hospital Veterinari Sitges","og_description":"Comida para Gatos Royal Canin Feline Gastro Intestinal Pienso para gatos adultos de todas las razas con problemas intestinales, entre los que destacan los v\u00f3mitos y diarreas.","og_url":"https:\/\/sircan.cat\/tienda\/producto\/royal-canin-feline-intestinal-400-gr\/","og_site_name":"Sircan - Hospital Veterinari Sitges","article_modified_time":"2023-04-21T14:06:24+00:00","og_image":[{"width":420,"height":420,"url":"https:\/\/sircan.cat\/tienda\/wp-content\/uploads\/2023\/04\/royal-canin-gastro-intestinal-gato.png","type":"image\/png"}],"twitter_card":"summary_large_image","twitter_misc":{"Tiempo de lectura":"2 minutos"},"schema":{"@context":"https:\/\/schema.org","@graph":[{"@type":"WebPage","@id":"https:\/\/sircan.cat\/tienda\/producto\/royal-canin-feline-intestinal-400-gr\/","url":"https:\/\/sircan.cat\/tienda\/producto\/royal-canin-feline-intestinal-400-gr\/","name":"ROYAL CANIN FELINE INTESTINAL 400 GR - Sircan - Hospital Veterinari Sitges","isPartOf":{"@id":"https:\/\/sircan.cat\/tienda\/#website"},"primaryImageOfPage":{"@id":"https:\/\/sircan.cat\/tienda\/producto\/royal-canin-feline-intestinal-400-gr\/#primaryimage"},"image":{"@id":"https:\/\/sircan.cat\/tienda\/producto\/royal-canin-feline-intestinal-400-gr\/#primaryimage"},"thumbnailUrl":"https:\/\/sircan.cat\/tienda\/wp-content\/uploads\/2023\/04\/royal-canin-gastro-intestinal-gato.png","datePublished":"2023-04-21T14:03:32+00:00","dateModified":"2023-04-21T14:06:24+00:00","breadcrumb":{"@id":"https:\/\/sircan.cat\/tienda\/producto\/royal-canin-feline-intestinal-400-gr\/#breadcrumb"},"inLanguage":"es","potentialAction":[{"@type":"ReadAction","target":["https:\/\/sircan.cat\/tienda\/producto\/royal-canin-feline-intestinal-400-gr\/"]}]},{"@type":"ImageObject","inLanguage":"es","@id":"https:\/\/sircan.cat\/tienda\/producto\/royal-canin-feline-intestinal-400-gr\/#primaryimage","url":"https:\/\/sircan.cat\/tienda\/wp-content\/uploads\/2023\/04\/royal-canin-gastro-intestinal-gato.png","contentUrl":"https:\/\/sircan.cat\/tienda\/wp-content\/uploads\/2023\/04\/royal-canin-gastro-intestinal-gato.png","width":420,"height":420},{"@type":"BreadcrumbList","@id":"https:\/\/sircan.cat\/tienda\/producto\/royal-canin-feline-intestinal-400-gr\/#breadcrumb","itemListElement":[{"@type":"ListItem","position":1,"name":"Portada","item":"https:\/\/sircan.cat\/tienda\/"},{"@type":"ListItem","position":2,"name":"Tienda","item":"https:\/\/sircan.cat\/tienda\/tienda\/"},{"@type":"ListItem","position":3,"name":"ROYAL CANIN FELINE INTESTINAL 400 GR"}]},{"@type":"WebSite","@id":"https:\/\/sircan.cat\/tienda\/#website","url":"https:\/\/sircan.cat\/tienda\/","name":"Sircan - Hospital Veterinari Sitges","description":"Tienda online","publisher":{"@id":"https:\/\/sircan.cat\/tienda\/#organization"},"potentialAction":[{"@type":"SearchAction","target":{"@type":"EntryPoint","urlTemplate":"https:\/\/sircan.cat\/tienda\/?s={search_term_string}"},"query-input":"required name=search_term_string"}],"inLanguage":"es"},{"@type":"Organization","@id":"https:\/\/sircan.cat\/tienda\/#organization","name":"Sircan - Hospital Veterinari Sitges","url":"https:\/\/sircan.cat\/tienda\/","logo":{"@type":"ImageObject","inLanguage":"es","@id":"https:\/\/sircan.cat\/tienda\/#\/schema\/logo\/image\/","url":"https:\/\/sircan.cat\/tienda\/wp-content\/uploads\/2023\/04\/cropped-logo_web.jpg","contentUrl":"https:\/\/sircan.cat\/tienda\/wp-content\/uploads\/2023\/04\/cropped-logo_web.jpg","width":105,"height":104,"caption":"Sircan - Hospital Veterinari Sitges"},"image":{"@id":"https:\/\/sircan.cat\/tienda\/#\/schema\/logo\/image\/"}}]}},"_links":{"self":[{"href":"https:\/\/sircan.cat\/tienda\/wp-json\/wp\/v2\/product\/5682","targetHints":{"allow":["GET"]}}],"collection":[{"href":"https:\/\/sircan.cat\/tienda\/wp-json\/wp\/v2\/product"}],"about":[{"href":"https:\/\/sircan.cat\/tienda\/wp-json\/wp\/v2\/types\/product"}],"wp:featuredmedia":[{"embeddable":true,"href":"https:\/\/sircan.cat\/tienda\/wp-json\/wp\/v2\/media\/5687"}],"wp:attachment":[{"href":"https:\/\/sircan.cat\/tienda\/wp-json\/wp\/v2\/media?parent=5682"}],"wp:term":[{"taxonomy":"product_cat","embeddable":true,"href":"https:\/\/sircan.cat\/tienda\/wp-json\/wp\/v2\/product_cat?post=5682"},{"taxonomy":"product_tag","embeddable":true,"href":"https:\/\/sircan.cat\/tienda\/wp-json\/wp\/v2\/product_tag?post=5682"}],"curies":[{"name":"wp","href":"https:\/\/api.w.org\/{rel}","templated":true}]}}