{"id":5676,"date":"2023-04-21T13:46:58","date_gmt":"2023-04-21T13:46:58","guid":{"rendered":"https:\/\/sircan.cat\/tienda\/?post_type=product&#038;p=5676"},"modified":"2023-04-21T13:51:01","modified_gmt":"2023-04-21T13:51:01","slug":"metacam-susp-oral-15-ml","status":"publish","type":"product","link":"https:\/\/sircan.cat\/tienda\/producto\/metacam-susp-oral-15-ml\/","title":{"rendered":"METACAM SUSP. ORAL 15 ML"},"content":{"rendered":"<h2>METACAM\u00ae 0,5 mg\/ml<\/h2>\n<p>Antiinflamatorio no esteroide-analg\u00e9sico-antipir\u00e9tico<br \/>\nen suspensi\u00f3n oral<br \/>\nLaboratorio<br \/>\nBOEHRINGER INGELHEIM ESPA\u00d1A, S.A.<br \/>\n<b>Forma farmac\u00e9utica:<\/b><br \/>\nSuspensi\u00f3n oral (Susp.o.)<br \/>\n<b>Composici\u00f3n:<\/b>\u00a0por ml:<br \/>\nMeloxicam&gt;0,50 mg.<br \/>\n<b>Propiedades farmacol\u00f3gicas:<\/b><br \/>\nCaracter\u00edsticas generales: Antiinflamatorio no esteroideo (AINE) del grupo de las oxicamas, que<br \/>\nact\u00faa inhibiendo la s\u00edntesis de prostaglandinas. Los estudios in vitro e in vivo demostraron que<br \/>\ninhibe a la ciclooxigenasa-2 (COX-2) en mayor medida que a la ciclooxigenasa-1 (COX-1).<br \/>\n<b>Caracter\u00edsticas farmacodin\u00e1micas:<\/b>: Posee efectos antiinflamatorios, antiexudativos, analg\u00e9sicos y<br \/>\nantipir\u00e9ticos. Reduce la infiltraci\u00f3n de leucocitos hacia el tejido inflamado.<br \/>\nCaracter\u00edsticas farmacocin\u00e9ticas: Se obtienen concentraciones plasm\u00e1ticas m\u00e1ximas tras<br \/>\naproximadamente 3 horas. Alrededor del 97% del meloxicam se une a prote\u00ednas plasm\u00e1ticas. Tiene<br \/>\nuna vida media de eliminaci\u00f3n de 24 horas. Aproximadamente el 75% de la dosis administrada se<br \/>\nelimina por las heces y el resto por la orina. Se ha demostrado que todos los metabolitos principales<br \/>\nson farmacol\u00f3gicamente inactivos.<br \/>\n<b>Interacciones e incompatibilidades:<\/b><br \/>\n\u2022 Otros AINEs, diur\u00e9ticos, anticoagulantes, antibi\u00f3ticos aminogluc\u00f3sidos y sustancias con alta<br \/>\nafinidad a prote\u00ednas pueden competir por la uni\u00f3n y producir efectos t\u00f3xicos. Metacam no se debe<br \/>\nadministrar junto con otros AINEs o glucocorticosteroides. Se debe evitar la administraci\u00f3n<br \/>\nsimult\u00e1nea de medicamentos con potencial nefrot\u00f3xico.<br \/>\n\u2022 El pretratamiento con sustancias antiinflamatorias puede producir reacciones adversas adicionales<br \/>\no aumentadas, por ello, antes de iniciar el tratamiento debe establecerse un per\u00edodo libre del<br \/>\ntratamiento con tales f\u00e1rmacos de al menos 24 horas. En cualquier caso, el per\u00edodo libre de<br \/>\ntratamiento debe tener en cuenta las propiedades farmacol\u00f3gicas de los productos utilizados<br \/>\npreviamente.<br \/>\n<b>Indicaciones y especies de destino:<\/b><br \/>\nGatos: Alivio de la inflamaci\u00f3n y el dolor en trastornos m\u00fasculo-esquel\u00e9ticos cr\u00f3nicos.<br \/>\n<b>Contraindicaciones:<\/b><br \/>\n\u2022 Animales en gestaci\u00f3n o lactancia.<br \/>\n\u2022 Trastornos gastrointestinales como irritaci\u00f3n y hemorragia.<br \/>\n\u2022 Disfunci\u00f3n hep\u00e1tica, card\u00edaca o renal y trastornos hemorr\u00e1gicos.<br \/>\n\u2022 Hipersensibilidad al principio activo o a alguno de los excipientes.<br \/>\n\u2022 No usar en gatos de menos de 6 semanas de edad.<br \/>\n<b>Efectos secundarios:<\/b><br \/>\nOcasionalmente se han registrado reacciones adversas t\u00edpicas de los AINEs, tales como p\u00e9rdida del<br \/>\napetito, v\u00f3mitos, diarrea, sangre oculta en las heces, apat\u00eda, e insuficiencia renal. Estos efectos<br \/>\nsecundarios en la mayor\u00eda de casos son transitorios y desaparecen despu\u00e9s de la finalizaci\u00f3n del<br \/>\ntratamiento, aunque en casos muy raros pueden ser graves o fatales.<br \/>\n<b>V\u00eda de administraci\u00f3n:<\/b><br \/>\nOral.<br \/>\n<b>Posolog\u00eda:<\/b><br \/>\nGatos: Inicial: 0,10 mg de meloxicam\/kg p.v., en dosis \u00fanica. Mantenimiento: 0,05 mg de<br \/>\nmeloxicam\/kg p.v. una vez al d\u00eda.<br \/>\n\u2022 Agitar bien antes de su uso.<br \/>\n\u2022 Administrar ya sea mezclado con el alimento o directamente en la boca.<br \/>\n\u2022 Administrar utilizando el gotero dispensador del frasco. Alternativamente, para gatos con un peso<br \/>\nm\u00ednimo de 2 kg puede utilizarse la jeringa dosificadora incluida en el envase.<br \/>\n\u2022 Debe prestarse especial atenci\u00f3n a la exactitud de la dosis. No exceder la dosis recomendada.<br \/>\n<b>Precauciones especiales:<\/b><br \/>\n\u2022 En caso de que se produzcan reacciones adversas, se deber\u00e1 suspender el tratamiento.<br \/>\n\u2022 Evitar su uso en animales deshidratados, hipovol\u00e9micos o hipotensos ya que existe un riesgo<br \/>\npotencial de toxicidad renal.<br \/>\n\u2022 La respuesta a la terapia a largo plazo debe ser controlada a intervalos regulares por un<br \/>\nveterinario.<br \/>\n\u2022 Metacam 0,5 mg\/ml suspensi\u00f3n oral para gatos no deber\u00eda ser empleado tras una inyecci\u00f3n<br \/>\nparenteral de meloxicam o de cualquier otro AINE debido a que no se ha establecido un intervalo de<br \/>\ndosis apropiado para tales tratamientos concomitantes en gatos.<br \/>\n\u2022 Personas con hipersensibilidad conocida a los AINEs deber\u00e1n evitar todo contacto con el<br \/>\nmedicamento veterinario.<br \/>\n<b>Modo de conservaci\u00f3n:<\/b><br \/>\n\u2022 No requiere condiciones especiales de conservaci\u00f3n.<br \/>\n\u2022 Per\u00edodo de validez despu\u00e9s de abierto el frasco: 6 meses.<br \/>\n<b>Observaciones:<\/b><br \/>\nUso veterinario. Medicamento sujeto a prescripci\u00f3n veterinaria.<br \/>\n<b>Presentaci\u00f3n:<\/b><br \/>\nFrascon con 3 ml.<br \/>\nFrasco con 15 ml.<br \/>\n<b>Reg. N\u00ba:<\/b><br \/>\nEU\/2\/97\/004\/026<\/p>\n","protected":false},"excerpt":{"rendered":"<h2>Meloxicam. Antiinflamatorio no esteroideo para uso en perros, gatos y cobayas.<\/h2>\n<p>Indicado para el alivio de la inflamaci\u00f3n y el dolor en procesos m\u00fasculo-esquel\u00e9ticos agudos y cr\u00f3nicos.<\/p>\n<h2>Meloxicam. Antiinflamatorio no esteroideo para uso en perros, gatos y cobayas.<\/h2>\n<p>Indicado para el alivio de la inflamaci\u00f3n y el dolor en procesos m\u00fasculo-esquel\u00e9ticos agudos y cr\u00f3nicos.<\/p>\n<p>&nbsp;<\/p>\n<p>&nbsp;<\/p>\n","protected":false},"featured_media":5677,"template":"","meta":{"site-sidebar-layout":"default","site-content-layout":"default","ast-site-content-layout":"","site-content-style":"default","site-sidebar-style":"default","ast-global-header-display":"","ast-banner-title-visibility":"","ast-main-header-display":"","ast-hfb-above-header-display":"","ast-hfb-below-header-display":"","ast-hfb-mobile-header-display":"","site-post-title":"","ast-breadcrumbs-content":"","ast-featured-img":"","footer-sml-layout":"","theme-transparent-header-meta":"default","adv-header-id-meta":"","stick-header-meta":"","header-above-stick-meta":"","header-main-stick-meta":"","header-below-stick-meta":"","astra-migrate-meta-layouts":"default","ast-page-background-enabled":"default","ast-page-background-meta":{"desktop":{"background-color":"","background-image":"","background-repeat":"repeat","background-position":"center center","background-size":"auto","background-attachment":"scroll","background-type":"","background-media":"","overlay-type":"","overlay-color":"","overlay-gradient":""},"tablet":{"background-color":"","background-image":"","background-repeat":"repeat","background-position":"center center","background-size":"auto","background-attachment":"scroll","background-type":"","background-media":"","overlay-type":"","overlay-color":"","overlay-gradient":""},"mobile":{"background-color":"","background-image":"","background-repeat":"repeat","background-position":"center center","background-size":"auto","background-attachment":"scroll","background-type":"","background-media":"","overlay-type":"","overlay-color":"","overlay-gradient":""}},"ast-content-background-meta":{"desktop":{"background-color":"var(--ast-global-color-5)","background-image":"","background-repeat":"repeat","background-position":"center center","background-size":"auto","background-attachment":"scroll","background-type":"","background-media":"","overlay-type":"","overlay-color":"","overlay-gradient":""},"tablet":{"background-color":"var(--ast-global-color-5)","background-image":"","background-repeat":"repeat","background-position":"center center","background-size":"auto","background-attachment":"scroll","background-type":"","background-media":"","overlay-type":"","overlay-color":"","overlay-gradient":""},"mobile":{"background-color":"var(--ast-global-color-5)","background-image":"","background-repeat":"repeat","background-position":"center center","background-size":"auto","background-attachment":"scroll","background-type":"","background-media":"","overlay-type":"","overlay-color":"","overlay-gradient":""}}},"product_cat":[67,48,56,47],"product_tag":[70],"class_list":{"0":"post-5676","1":"product","2":"type-product","3":"status-publish","4":"has-post-thumbnail","6":"product_cat-boehringer","7":"product_cat-gato","8":"product_cat-otros-animales","9":"product_cat-perro","10":"product_tag-pipetas-para-perros","11":"desktop-align-center","12":"tablet-align-center","13":"mobile-align-center","15":"first","16":"instock","17":"featured","18":"taxable","19":"shipping-taxable","20":"purchasable","21":"product-type-simple"},"yoast_head":"<!-- This site is optimized with the Yoast SEO plugin v22.6 - https:\/\/yoast.com\/wordpress\/plugins\/seo\/ -->\n<title>METACAM SUSP. ORAL 15 ML - Sircan - Hospital Veterinari Sitges<\/title>\n<meta name=\"robots\" content=\"index, follow, max-snippet:-1, max-image-preview:large, max-video-preview:-1\" \/>\n<link rel=\"canonical\" href=\"https:\/\/sircan.cat\/tienda\/producto\/metacam-susp-oral-15-ml\/\" \/>\n<meta property=\"og:locale\" content=\"es_ES\" \/>\n<meta property=\"og:type\" content=\"article\" \/>\n<meta property=\"og:title\" content=\"METACAM SUSP. ORAL 15 ML - Sircan - Hospital Veterinari Sitges\" \/>\n<meta property=\"og:description\" content=\"Meloxicam. Antiinflamatorio no esteroideo para uso en perros, gatos y cobayas. Indicado para el alivio de la inflamaci\u00f3n y el dolor en procesos m\u00fasculo-esquel\u00e9ticos agudos y cr\u00f3nicos. Meloxicam. Antiinflamatorio no esteroideo para uso en perros, gatos y cobayas. Indicado para el alivio de la inflamaci\u00f3n y el dolor en procesos m\u00fasculo-esquel\u00e9ticos agudos y cr\u00f3nicos.  &nbsp;  &nbsp;\" \/>\n<meta property=\"og:url\" content=\"https:\/\/sircan.cat\/tienda\/producto\/metacam-susp-oral-15-ml\/\" \/>\n<meta property=\"og:site_name\" content=\"Sircan - Hospital Veterinari Sitges\" \/>\n<meta property=\"article:modified_time\" content=\"2023-04-21T13:51:01+00:00\" \/>\n<meta property=\"og:image\" content=\"https:\/\/sircan.cat\/tienda\/wp-content\/uploads\/2023\/04\/IMGA04400203_1.jpg\" \/>\n\t<meta property=\"og:image:width\" content=\"480\" \/>\n\t<meta property=\"og:image:height\" content=\"480\" \/>\n\t<meta property=\"og:image:type\" content=\"image\/jpeg\" \/>\n<meta name=\"twitter:card\" content=\"summary_large_image\" \/>\n<meta name=\"twitter:label1\" content=\"Tiempo de lectura\" \/>\n\t<meta name=\"twitter:data1\" content=\"3 minutos\" \/>\n<script type=\"application\/ld+json\" class=\"yoast-schema-graph\">{\"@context\":\"https:\/\/schema.org\",\"@graph\":[{\"@type\":\"WebPage\",\"@id\":\"https:\/\/sircan.cat\/tienda\/producto\/metacam-susp-oral-15-ml\/\",\"url\":\"https:\/\/sircan.cat\/tienda\/producto\/metacam-susp-oral-15-ml\/\",\"name\":\"METACAM SUSP. ORAL 15 ML - Sircan - Hospital Veterinari Sitges\",\"isPartOf\":{\"@id\":\"https:\/\/sircan.cat\/tienda\/#website\"},\"primaryImageOfPage\":{\"@id\":\"https:\/\/sircan.cat\/tienda\/producto\/metacam-susp-oral-15-ml\/#primaryimage\"},\"image\":{\"@id\":\"https:\/\/sircan.cat\/tienda\/producto\/metacam-susp-oral-15-ml\/#primaryimage\"},\"thumbnailUrl\":\"https:\/\/sircan.cat\/tienda\/wp-content\/uploads\/2023\/04\/IMGA04400203_1.jpg\",\"datePublished\":\"2023-04-21T13:46:58+00:00\",\"dateModified\":\"2023-04-21T13:51:01+00:00\",\"breadcrumb\":{\"@id\":\"https:\/\/sircan.cat\/tienda\/producto\/metacam-susp-oral-15-ml\/#breadcrumb\"},\"inLanguage\":\"es\",\"potentialAction\":[{\"@type\":\"ReadAction\",\"target\":[\"https:\/\/sircan.cat\/tienda\/producto\/metacam-susp-oral-15-ml\/\"]}]},{\"@type\":\"ImageObject\",\"inLanguage\":\"es\",\"@id\":\"https:\/\/sircan.cat\/tienda\/producto\/metacam-susp-oral-15-ml\/#primaryimage\",\"url\":\"https:\/\/sircan.cat\/tienda\/wp-content\/uploads\/2023\/04\/IMGA04400203_1.jpg\",\"contentUrl\":\"https:\/\/sircan.cat\/tienda\/wp-content\/uploads\/2023\/04\/IMGA04400203_1.jpg\",\"width\":480,\"height\":480},{\"@type\":\"BreadcrumbList\",\"@id\":\"https:\/\/sircan.cat\/tienda\/producto\/metacam-susp-oral-15-ml\/#breadcrumb\",\"itemListElement\":[{\"@type\":\"ListItem\",\"position\":1,\"name\":\"Portada\",\"item\":\"https:\/\/sircan.cat\/tienda\/\"},{\"@type\":\"ListItem\",\"position\":2,\"name\":\"Tienda\",\"item\":\"https:\/\/sircan.cat\/tienda\/tienda\/\"},{\"@type\":\"ListItem\",\"position\":3,\"name\":\"METACAM SUSP. ORAL 15 ML\"}]},{\"@type\":\"WebSite\",\"@id\":\"https:\/\/sircan.cat\/tienda\/#website\",\"url\":\"https:\/\/sircan.cat\/tienda\/\",\"name\":\"Sircan - Hospital Veterinari Sitges\",\"description\":\"Tienda online\",\"publisher\":{\"@id\":\"https:\/\/sircan.cat\/tienda\/#organization\"},\"potentialAction\":[{\"@type\":\"SearchAction\",\"target\":{\"@type\":\"EntryPoint\",\"urlTemplate\":\"https:\/\/sircan.cat\/tienda\/?s={search_term_string}\"},\"query-input\":\"required name=search_term_string\"}],\"inLanguage\":\"es\"},{\"@type\":\"Organization\",\"@id\":\"https:\/\/sircan.cat\/tienda\/#organization\",\"name\":\"Sircan - Hospital Veterinari Sitges\",\"url\":\"https:\/\/sircan.cat\/tienda\/\",\"logo\":{\"@type\":\"ImageObject\",\"inLanguage\":\"es\",\"@id\":\"https:\/\/sircan.cat\/tienda\/#\/schema\/logo\/image\/\",\"url\":\"https:\/\/sircan.cat\/tienda\/wp-content\/uploads\/2023\/04\/cropped-logo_web.jpg\",\"contentUrl\":\"https:\/\/sircan.cat\/tienda\/wp-content\/uploads\/2023\/04\/cropped-logo_web.jpg\",\"width\":105,\"height\":104,\"caption\":\"Sircan - Hospital Veterinari Sitges\"},\"image\":{\"@id\":\"https:\/\/sircan.cat\/tienda\/#\/schema\/logo\/image\/\"}}]}<\/script>\n<!-- \/ Yoast SEO plugin. -->","yoast_head_json":{"title":"METACAM SUSP. ORAL 15 ML - Sircan - Hospital Veterinari Sitges","robots":{"index":"index","follow":"follow","max-snippet":"max-snippet:-1","max-image-preview":"max-image-preview:large","max-video-preview":"max-video-preview:-1"},"canonical":"https:\/\/sircan.cat\/tienda\/producto\/metacam-susp-oral-15-ml\/","og_locale":"es_ES","og_type":"article","og_title":"METACAM SUSP. ORAL 15 ML - Sircan - Hospital Veterinari Sitges","og_description":"Meloxicam. Antiinflamatorio no esteroideo para uso en perros, gatos y cobayas. Indicado para el alivio de la inflamaci\u00f3n y el dolor en procesos m\u00fasculo-esquel\u00e9ticos agudos y cr\u00f3nicos. Meloxicam. Antiinflamatorio no esteroideo para uso en perros, gatos y cobayas. Indicado para el alivio de la inflamaci\u00f3n y el dolor en procesos m\u00fasculo-esquel\u00e9ticos agudos y cr\u00f3nicos.  &nbsp;  &nbsp;","og_url":"https:\/\/sircan.cat\/tienda\/producto\/metacam-susp-oral-15-ml\/","og_site_name":"Sircan - Hospital Veterinari Sitges","article_modified_time":"2023-04-21T13:51:01+00:00","og_image":[{"width":480,"height":480,"url":"https:\/\/sircan.cat\/tienda\/wp-content\/uploads\/2023\/04\/IMGA04400203_1.jpg","type":"image\/jpeg"}],"twitter_card":"summary_large_image","twitter_misc":{"Tiempo de lectura":"3 minutos"},"schema":{"@context":"https:\/\/schema.org","@graph":[{"@type":"WebPage","@id":"https:\/\/sircan.cat\/tienda\/producto\/metacam-susp-oral-15-ml\/","url":"https:\/\/sircan.cat\/tienda\/producto\/metacam-susp-oral-15-ml\/","name":"METACAM SUSP. ORAL 15 ML - Sircan - Hospital Veterinari Sitges","isPartOf":{"@id":"https:\/\/sircan.cat\/tienda\/#website"},"primaryImageOfPage":{"@id":"https:\/\/sircan.cat\/tienda\/producto\/metacam-susp-oral-15-ml\/#primaryimage"},"image":{"@id":"https:\/\/sircan.cat\/tienda\/producto\/metacam-susp-oral-15-ml\/#primaryimage"},"thumbnailUrl":"https:\/\/sircan.cat\/tienda\/wp-content\/uploads\/2023\/04\/IMGA04400203_1.jpg","datePublished":"2023-04-21T13:46:58+00:00","dateModified":"2023-04-21T13:51:01+00:00","breadcrumb":{"@id":"https:\/\/sircan.cat\/tienda\/producto\/metacam-susp-oral-15-ml\/#breadcrumb"},"inLanguage":"es","potentialAction":[{"@type":"ReadAction","target":["https:\/\/sircan.cat\/tienda\/producto\/metacam-susp-oral-15-ml\/"]}]},{"@type":"ImageObject","inLanguage":"es","@id":"https:\/\/sircan.cat\/tienda\/producto\/metacam-susp-oral-15-ml\/#primaryimage","url":"https:\/\/sircan.cat\/tienda\/wp-content\/uploads\/2023\/04\/IMGA04400203_1.jpg","contentUrl":"https:\/\/sircan.cat\/tienda\/wp-content\/uploads\/2023\/04\/IMGA04400203_1.jpg","width":480,"height":480},{"@type":"BreadcrumbList","@id":"https:\/\/sircan.cat\/tienda\/producto\/metacam-susp-oral-15-ml\/#breadcrumb","itemListElement":[{"@type":"ListItem","position":1,"name":"Portada","item":"https:\/\/sircan.cat\/tienda\/"},{"@type":"ListItem","position":2,"name":"Tienda","item":"https:\/\/sircan.cat\/tienda\/tienda\/"},{"@type":"ListItem","position":3,"name":"METACAM SUSP. ORAL 15 ML"}]},{"@type":"WebSite","@id":"https:\/\/sircan.cat\/tienda\/#website","url":"https:\/\/sircan.cat\/tienda\/","name":"Sircan - Hospital Veterinari Sitges","description":"Tienda online","publisher":{"@id":"https:\/\/sircan.cat\/tienda\/#organization"},"potentialAction":[{"@type":"SearchAction","target":{"@type":"EntryPoint","urlTemplate":"https:\/\/sircan.cat\/tienda\/?s={search_term_string}"},"query-input":"required name=search_term_string"}],"inLanguage":"es"},{"@type":"Organization","@id":"https:\/\/sircan.cat\/tienda\/#organization","name":"Sircan - Hospital Veterinari Sitges","url":"https:\/\/sircan.cat\/tienda\/","logo":{"@type":"ImageObject","inLanguage":"es","@id":"https:\/\/sircan.cat\/tienda\/#\/schema\/logo\/image\/","url":"https:\/\/sircan.cat\/tienda\/wp-content\/uploads\/2023\/04\/cropped-logo_web.jpg","contentUrl":"https:\/\/sircan.cat\/tienda\/wp-content\/uploads\/2023\/04\/cropped-logo_web.jpg","width":105,"height":104,"caption":"Sircan - Hospital Veterinari Sitges"},"image":{"@id":"https:\/\/sircan.cat\/tienda\/#\/schema\/logo\/image\/"}}]}},"_links":{"self":[{"href":"https:\/\/sircan.cat\/tienda\/wp-json\/wp\/v2\/product\/5676","targetHints":{"allow":["GET"]}}],"collection":[{"href":"https:\/\/sircan.cat\/tienda\/wp-json\/wp\/v2\/product"}],"about":[{"href":"https:\/\/sircan.cat\/tienda\/wp-json\/wp\/v2\/types\/product"}],"wp:featuredmedia":[{"embeddable":true,"href":"https:\/\/sircan.cat\/tienda\/wp-json\/wp\/v2\/media\/5677"}],"wp:attachment":[{"href":"https:\/\/sircan.cat\/tienda\/wp-json\/wp\/v2\/media?parent=5676"}],"wp:term":[{"taxonomy":"product_cat","embeddable":true,"href":"https:\/\/sircan.cat\/tienda\/wp-json\/wp\/v2\/product_cat?post=5676"},{"taxonomy":"product_tag","embeddable":true,"href":"https:\/\/sircan.cat\/tienda\/wp-json\/wp\/v2\/product_tag?post=5676"}],"curies":[{"name":"wp","href":"https:\/\/api.w.org\/{rel}","templated":true}]}}