{"id":5597,"date":"2023-04-12T07:41:00","date_gmt":"2023-04-12T07:41:00","guid":{"rendered":"https:\/\/sircan.cat\/tienda\/?post_type=product&#038;p=5597"},"modified":"2023-04-21T13:46:54","modified_gmt":"2023-04-21T13:46:54","slug":"scalibor-65-cm","status":"publish","type":"product","link":"https:\/\/sircan.cat\/tienda\/producto\/scalibor-65-cm\/","title":{"rendered":"SCALIBOR 65 CM"},"content":{"rendered":"<h2 dir=\"ltr\">Collar Scalibor\u00a0para perro grande<\/h2>\n<p dir=\"ltr\">El collar Scalibor 65 cm de largo, proteger\u00e1 de par\u00e1sitos a perros grandes y medianos debido a su poder repelente que aleja a los flebotomos. Tambi\u00e9n protege contra pulgas, garrapatas y mosquitos.<\/p>\n<p dir=\"ltr\">\u00bfC\u00f3mo protege el Collar Scalibor 65 cm a su perro? Liberando deltametrina diariamente durante la primera semana, con un efecto total de\u00a012 meses: 4 meses actuando sobre pulgas y 6 meses\u00a0actuando sobre\u00a0garrapatas y mosquitos y 12 meses actuando sobre flebotomos. Por eso es importante no mojar el collar en los primeros 7 d\u00edas, o se interrumpe el proceso. Despu\u00e9s de ese plazo, ya se podr\u00eda sin problema.<\/p>\n<h3 dir=\"ltr\">\u00bfC\u00f3mo funciona exactamente?<\/h3>\n<ul>\n<li dir=\"ltr\">\n<p dir=\"ltr\">Desarrolla un efecto repelente, por lo que la mayor parte de flebotomos, garrapatas o pulgas no pueden soportar quedarse en el animal, por lo que no pueden alimentarse de \u00e9l.<\/p>\n<\/li>\n<li dir=\"ltr\">\n<p dir=\"ltr\">Su perro tampoco va a ser picado por los par\u00e1sitos, ya que el\u00a0<strong>Collar Scalibor 65 cm<\/strong>\u00a0provoca en ellos s\u00edntomas nerviosos que lo evitan (efecto antialimentario).<\/p>\n<\/li>\n<\/ul>\n<p dir=\"ltr\">Las ventajas de comprar Scalibor\u00a065 cm son muchas, como por ejemplo que el precio de Scalibor 65 cm es m\u00e1s que \u00f3ptimo, teniendo en cuenta la efectiva y c\u00f3moda manera en la que va a proteger a su perro.<\/p>\n<h2 dir=\"ltr\">Instrucciones de uso del Scalibor 65 para 12 meses<\/h2>\n<p dir=\"ltr\">Su poderoso efecto repelente (antialimentaci\u00f3n) para los Phlebotomus spp. le hace id\u00f3neo para utilizarlo como parte de un programa de prevenci\u00f3n frente a la leishmaniosis, sin olvidarnos de los mosquitos, concretamente los cul\u00edcidos del complejo\u00a0<em>Culex pipiens<\/em>.<\/p>\n<p dir=\"ltr\">Por eso, para tener protegido a nuestro perro grande o mediano ante los par\u00e1sitos, es importante usarlo bien:<\/p>\n<p>&#8211; No abra el envoltorio hasta que vaya a usarlo.<br \/>\n&#8211; Antes de colocar el\u00a0<em>collar Scalibor 65 cm<\/em>\u00a0en su perro, es mejor quitarle el polvillo. Con un trapo h\u00famedo es suficiente.<br \/>\n&#8211; No apriete el collar al perro, deje al menos dos dedos entre el collar y el cuello. As\u00ed se produce el roce y la liberaci\u00f3n de la deltametrina.<br \/>\n&#8211; Deje solo 5 cm de collar tras el pasador, el resto que sobre debe cortarlo.<br \/>\n&#8211; Si su perro tiene lesiones cut\u00e1neas extensas, entonces no utilice el\u00a0<strong>collar Scalibor perro grande<\/strong>.<br \/>\n&#8211; Tampoco lo use si su perro a\u00fan no ha pasado las 7 semanas de edad<br \/>\n&#8211; No retire el Scalibor\u00a0grande del perro, y menos a\u00fan durante la primera semana, porque ese es el tiempo que tarda en extenderse la deltametrina y cuando el collar empieza a ser eficaz. Para ser eficaz el collar debe estar continuamente colocado.<br \/>\n&#8211; Recuerde no mojar el collar en la primera semana. Posteriormente, puede hacerlo, pero si usa un champ\u00fa que afecta a la capa lip\u00eddica, se podr\u00eda eliminar el efecto del collar durante unos d\u00edas. Ser\u00eda necesaria otra nueva semana para que se repartiera otra la deltametrina.<br \/>\n&#8211; Si se observa una reacci\u00f3n al\u00e9rgica local, retire el collar. En 48 horas se puede volver a colocar, pero si la reacci\u00f3n al\u00e9rgica persiste, retire definitivamente el collar y busque otro producto para\u00a0solucionaar el problema\u00a0antiparasitario.<br \/>\n&#8211; \u00a1No utilice este collar en gatos!<\/p>\n<p dir=\"ltr\">Precauciones a tener en cuenta:<\/p>\n<p>&#8211; Mantener el collar alejado de bebidas, alimentos y piensos<br \/>\n&#8211; En algunas ocasiones, al estar en contacto o cerca del collar, algunas personas han experimentado alguna reacci\u00f3n de hipersensibilidad (eritema, inflamaci\u00f3n, urticaria, prurito, dermatitis y\/o rash localizado) o incluso &#8211; reacciones tipo taquicardia, edema lar\u00edngeo, dificultad respiratoria y\/o hormigueo en garganta, boca y\/o rostro. Por eso es importante que se lave las manos con agua fr\u00eda y jab\u00f3n cada vez que lo manipule.<br \/>\n&#8211; El\u00a0<em>Scalibor 65 cm 12 meses<\/em>\u00a0siempre debe estar fuera del alcance de los ni\u00f1os: ni deben jugar con \u00e9l, ni mucho menos chuparlo. Recuerde igualmente mantenerlo completamente cerrado hasta el momento de su uso y que nunca est\u00e9 cerca de bebidas y alimentos (ni el pienso de su perro)<br \/>\n&#8211; El collar Scalibor 65 cm en oferta se puede usar en perras gestantes o incluso en periodo de lactaci\u00f3n, ya que en ning\u00fan caso se han observado efectos ni sobre la perra ni sobre los cachorros.<br \/>\n&#8211; S\u00ed se ha descrito reacci\u00f3n con insecticidas organofosforados. Adem\u00e1s, la deltametrina es t\u00f3xica para los peces y las abejas.<br \/>\n&#8211; Este producto veterinario no requiere condiciones especiales de conservaci\u00f3n. Pero cuando ya haya cumplido su funci\u00f3n, jam\u00e1s debe tirarse en el medio ambiente ni el agua.<\/p>\n<h3 dir=\"ltr\">Composici\u00f3n del Scalibor grande<\/h3>\n<p dir=\"ltr\">Deltametrina 40 mg\/g.<\/p>\n<p dir=\"ltr\">\u00a1No dudes en comprar el collar scalibor 65 cm sin gastos de env\u00edo! \u00a1A\u00f1ade a tu pedido el Scalibor de 65 cm en oferta!<\/p>\n<p><iframe title=\"YouTube video player\" src=\"https:\/\/www.youtube.com\/embed\/BAda6hJGY64\" width=\"400\" height=\"200\" frameborder=\"0\" allowfullscreen=\"allowfullscreen\"><span style=\"display: inline-block; width: 0px; overflow: hidden; line-height: 0;\" data-mce-type=\"bookmark\" class=\"mce_SELRES_start\">\ufeff<\/span><\/iframe><\/p>\n","protected":false},"excerpt":{"rendered":"<h2 dir=\"ltr\">Collar Scalibor\u00a0para perro grande<\/h2>\n<p dir=\"ltr\">El collar Scalibor 65 cm de largo, proteger\u00e1 de par\u00e1sitos a perros grandes y medianos debido a su poder repelente que aleja a los flebotomos. Tambi\u00e9n protege contra pulgas, garrapatas y mosquitos.<\/p>\n","protected":false},"featured_media":5651,"template":"","meta":{"site-sidebar-layout":"default","site-content-layout":"default","ast-site-content-layout":"","site-content-style":"default","site-sidebar-style":"default","ast-global-header-display":"","ast-banner-title-visibility":"","ast-main-header-display":"","ast-hfb-above-header-display":"","ast-hfb-below-header-display":"","ast-hfb-mobile-header-display":"","site-post-title":"","ast-breadcrumbs-content":"","ast-featured-img":"","footer-sml-layout":"","theme-transparent-header-meta":"default","adv-header-id-meta":"","stick-header-meta":"","header-above-stick-meta":"","header-main-stick-meta":"","header-below-stick-meta":"","astra-migrate-meta-layouts":"default","ast-page-background-enabled":"default","ast-page-background-meta":{"desktop":{"background-color":"","background-image":"","background-repeat":"repeat","background-position":"center center","background-size":"auto","background-attachment":"scroll","background-type":"","background-media":"","overlay-type":"","overlay-color":"","overlay-gradient":""},"tablet":{"background-color":"","background-image":"","background-repeat":"repeat","background-position":"center center","background-size":"auto","background-attachment":"scroll","background-type":"","background-media":"","overlay-type":"","overlay-color":"","overlay-gradient":""},"mobile":{"background-color":"","background-image":"","background-repeat":"repeat","background-position":"center center","background-size":"auto","background-attachment":"scroll","background-type":"","background-media":"","overlay-type":"","overlay-color":"","overlay-gradient":""}},"ast-content-background-meta":{"desktop":{"background-color":"var(--ast-global-color-5)","background-image":"","background-repeat":"repeat","background-position":"center center","background-size":"auto","background-attachment":"scroll","background-type":"","background-media":"","overlay-type":"","overlay-color":"","overlay-gradient":""},"tablet":{"background-color":"var(--ast-global-color-5)","background-image":"","background-repeat":"repeat","background-position":"center center","background-size":"auto","background-attachment":"scroll","background-type":"","background-media":"","overlay-type":"","overlay-color":"","overlay-gradient":""},"mobile":{"background-color":"var(--ast-global-color-5)","background-image":"","background-repeat":"repeat","background-position":"center center","background-size":"auto","background-attachment":"scroll","background-type":"","background-media":"","overlay-type":"","overlay-color":"","overlay-gradient":""}}},"product_cat":[47,65],"product_tag":[66],"class_list":{"0":"post-5597","1":"product","2":"type-product","3":"status-publish","4":"has-post-thumbnail","6":"product_cat-perro","7":"product_cat-scalibor","8":"product_tag-collar-antiparasitario","9":"desktop-align-center","10":"tablet-align-center","11":"mobile-align-center","13":"first","14":"instock","15":"featured","16":"taxable","17":"shipping-taxable","18":"purchasable","19":"product-type-simple"},"yoast_head":"<!-- This site is optimized with the Yoast SEO plugin v22.6 - https:\/\/yoast.com\/wordpress\/plugins\/seo\/ -->\n<title>SCALIBOR 65 CM - Sircan - Hospital Veterinari Sitges<\/title>\n<meta name=\"robots\" content=\"index, follow, max-snippet:-1, max-image-preview:large, max-video-preview:-1\" \/>\n<link rel=\"canonical\" href=\"https:\/\/sircan.cat\/tienda\/producto\/scalibor-65-cm\/\" \/>\n<meta property=\"og:locale\" content=\"es_ES\" \/>\n<meta property=\"og:type\" content=\"article\" \/>\n<meta property=\"og:title\" content=\"SCALIBOR 65 CM - Sircan - Hospital Veterinari Sitges\" \/>\n<meta property=\"og:description\" content=\"Collar Scalibor\u00a0para perro grande El collar Scalibor 65 cm de largo, proteger\u00e1 de par\u00e1sitos a perros grandes y medianos debido a su poder repelente que aleja a los flebotomos. Tambi\u00e9n protege contra pulgas, garrapatas y mosquitos.\" \/>\n<meta property=\"og:url\" content=\"https:\/\/sircan.cat\/tienda\/producto\/scalibor-65-cm\/\" \/>\n<meta property=\"og:site_name\" content=\"Sircan - Hospital Veterinari Sitges\" \/>\n<meta property=\"article:modified_time\" content=\"2023-04-21T13:46:54+00:00\" \/>\n<meta property=\"og:image\" content=\"https:\/\/sircan.cat\/tienda\/wp-content\/uploads\/2023\/04\/collar-antiparasitario-scalibor-65-cm.png\" \/>\n\t<meta property=\"og:image:width\" content=\"378\" \/>\n\t<meta property=\"og:image:height\" content=\"378\" \/>\n\t<meta property=\"og:image:type\" content=\"image\/png\" \/>\n<meta name=\"twitter:card\" content=\"summary_large_image\" \/>\n<meta name=\"twitter:label1\" content=\"Tiempo de lectura\" \/>\n\t<meta name=\"twitter:data1\" content=\"4 minutos\" \/>\n<script type=\"application\/ld+json\" class=\"yoast-schema-graph\">{\"@context\":\"https:\/\/schema.org\",\"@graph\":[{\"@type\":\"WebPage\",\"@id\":\"https:\/\/sircan.cat\/tienda\/producto\/scalibor-65-cm\/\",\"url\":\"https:\/\/sircan.cat\/tienda\/producto\/scalibor-65-cm\/\",\"name\":\"SCALIBOR 65 CM - Sircan - Hospital Veterinari Sitges\",\"isPartOf\":{\"@id\":\"https:\/\/sircan.cat\/tienda\/#website\"},\"primaryImageOfPage\":{\"@id\":\"https:\/\/sircan.cat\/tienda\/producto\/scalibor-65-cm\/#primaryimage\"},\"image\":{\"@id\":\"https:\/\/sircan.cat\/tienda\/producto\/scalibor-65-cm\/#primaryimage\"},\"thumbnailUrl\":\"https:\/\/sircan.cat\/tienda\/wp-content\/uploads\/2023\/04\/collar-antiparasitario-scalibor-65-cm.png\",\"datePublished\":\"2023-04-12T07:41:00+00:00\",\"dateModified\":\"2023-04-21T13:46:54+00:00\",\"breadcrumb\":{\"@id\":\"https:\/\/sircan.cat\/tienda\/producto\/scalibor-65-cm\/#breadcrumb\"},\"inLanguage\":\"es\",\"potentialAction\":[{\"@type\":\"ReadAction\",\"target\":[\"https:\/\/sircan.cat\/tienda\/producto\/scalibor-65-cm\/\"]}]},{\"@type\":\"ImageObject\",\"inLanguage\":\"es\",\"@id\":\"https:\/\/sircan.cat\/tienda\/producto\/scalibor-65-cm\/#primaryimage\",\"url\":\"https:\/\/sircan.cat\/tienda\/wp-content\/uploads\/2023\/04\/collar-antiparasitario-scalibor-65-cm.png\",\"contentUrl\":\"https:\/\/sircan.cat\/tienda\/wp-content\/uploads\/2023\/04\/collar-antiparasitario-scalibor-65-cm.png\",\"width\":378,\"height\":378},{\"@type\":\"BreadcrumbList\",\"@id\":\"https:\/\/sircan.cat\/tienda\/producto\/scalibor-65-cm\/#breadcrumb\",\"itemListElement\":[{\"@type\":\"ListItem\",\"position\":1,\"name\":\"Portada\",\"item\":\"https:\/\/sircan.cat\/tienda\/\"},{\"@type\":\"ListItem\",\"position\":2,\"name\":\"Tienda\",\"item\":\"https:\/\/sircan.cat\/tienda\/tienda\/\"},{\"@type\":\"ListItem\",\"position\":3,\"name\":\"SCALIBOR 65 CM\"}]},{\"@type\":\"WebSite\",\"@id\":\"https:\/\/sircan.cat\/tienda\/#website\",\"url\":\"https:\/\/sircan.cat\/tienda\/\",\"name\":\"Sircan - Hospital Veterinari Sitges\",\"description\":\"Tienda online\",\"publisher\":{\"@id\":\"https:\/\/sircan.cat\/tienda\/#organization\"},\"potentialAction\":[{\"@type\":\"SearchAction\",\"target\":{\"@type\":\"EntryPoint\",\"urlTemplate\":\"https:\/\/sircan.cat\/tienda\/?s={search_term_string}\"},\"query-input\":\"required name=search_term_string\"}],\"inLanguage\":\"es\"},{\"@type\":\"Organization\",\"@id\":\"https:\/\/sircan.cat\/tienda\/#organization\",\"name\":\"Sircan - Hospital Veterinari Sitges\",\"url\":\"https:\/\/sircan.cat\/tienda\/\",\"logo\":{\"@type\":\"ImageObject\",\"inLanguage\":\"es\",\"@id\":\"https:\/\/sircan.cat\/tienda\/#\/schema\/logo\/image\/\",\"url\":\"https:\/\/sircan.cat\/tienda\/wp-content\/uploads\/2023\/04\/cropped-logo_web.jpg\",\"contentUrl\":\"https:\/\/sircan.cat\/tienda\/wp-content\/uploads\/2023\/04\/cropped-logo_web.jpg\",\"width\":105,\"height\":104,\"caption\":\"Sircan - Hospital Veterinari Sitges\"},\"image\":{\"@id\":\"https:\/\/sircan.cat\/tienda\/#\/schema\/logo\/image\/\"}}]}<\/script>\n<!-- \/ Yoast SEO plugin. -->","yoast_head_json":{"title":"SCALIBOR 65 CM - Sircan - Hospital Veterinari Sitges","robots":{"index":"index","follow":"follow","max-snippet":"max-snippet:-1","max-image-preview":"max-image-preview:large","max-video-preview":"max-video-preview:-1"},"canonical":"https:\/\/sircan.cat\/tienda\/producto\/scalibor-65-cm\/","og_locale":"es_ES","og_type":"article","og_title":"SCALIBOR 65 CM - Sircan - Hospital Veterinari Sitges","og_description":"Collar Scalibor\u00a0para perro grande El collar Scalibor 65 cm de largo, proteger\u00e1 de par\u00e1sitos a perros grandes y medianos debido a su poder repelente que aleja a los flebotomos. Tambi\u00e9n protege contra pulgas, garrapatas y mosquitos.","og_url":"https:\/\/sircan.cat\/tienda\/producto\/scalibor-65-cm\/","og_site_name":"Sircan - Hospital Veterinari Sitges","article_modified_time":"2023-04-21T13:46:54+00:00","og_image":[{"width":378,"height":378,"url":"https:\/\/sircan.cat\/tienda\/wp-content\/uploads\/2023\/04\/collar-antiparasitario-scalibor-65-cm.png","type":"image\/png"}],"twitter_card":"summary_large_image","twitter_misc":{"Tiempo de lectura":"4 minutos"},"schema":{"@context":"https:\/\/schema.org","@graph":[{"@type":"WebPage","@id":"https:\/\/sircan.cat\/tienda\/producto\/scalibor-65-cm\/","url":"https:\/\/sircan.cat\/tienda\/producto\/scalibor-65-cm\/","name":"SCALIBOR 65 CM - Sircan - Hospital Veterinari Sitges","isPartOf":{"@id":"https:\/\/sircan.cat\/tienda\/#website"},"primaryImageOfPage":{"@id":"https:\/\/sircan.cat\/tienda\/producto\/scalibor-65-cm\/#primaryimage"},"image":{"@id":"https:\/\/sircan.cat\/tienda\/producto\/scalibor-65-cm\/#primaryimage"},"thumbnailUrl":"https:\/\/sircan.cat\/tienda\/wp-content\/uploads\/2023\/04\/collar-antiparasitario-scalibor-65-cm.png","datePublished":"2023-04-12T07:41:00+00:00","dateModified":"2023-04-21T13:46:54+00:00","breadcrumb":{"@id":"https:\/\/sircan.cat\/tienda\/producto\/scalibor-65-cm\/#breadcrumb"},"inLanguage":"es","potentialAction":[{"@type":"ReadAction","target":["https:\/\/sircan.cat\/tienda\/producto\/scalibor-65-cm\/"]}]},{"@type":"ImageObject","inLanguage":"es","@id":"https:\/\/sircan.cat\/tienda\/producto\/scalibor-65-cm\/#primaryimage","url":"https:\/\/sircan.cat\/tienda\/wp-content\/uploads\/2023\/04\/collar-antiparasitario-scalibor-65-cm.png","contentUrl":"https:\/\/sircan.cat\/tienda\/wp-content\/uploads\/2023\/04\/collar-antiparasitario-scalibor-65-cm.png","width":378,"height":378},{"@type":"BreadcrumbList","@id":"https:\/\/sircan.cat\/tienda\/producto\/scalibor-65-cm\/#breadcrumb","itemListElement":[{"@type":"ListItem","position":1,"name":"Portada","item":"https:\/\/sircan.cat\/tienda\/"},{"@type":"ListItem","position":2,"name":"Tienda","item":"https:\/\/sircan.cat\/tienda\/tienda\/"},{"@type":"ListItem","position":3,"name":"SCALIBOR 65 CM"}]},{"@type":"WebSite","@id":"https:\/\/sircan.cat\/tienda\/#website","url":"https:\/\/sircan.cat\/tienda\/","name":"Sircan - Hospital Veterinari Sitges","description":"Tienda online","publisher":{"@id":"https:\/\/sircan.cat\/tienda\/#organization"},"potentialAction":[{"@type":"SearchAction","target":{"@type":"EntryPoint","urlTemplate":"https:\/\/sircan.cat\/tienda\/?s={search_term_string}"},"query-input":"required name=search_term_string"}],"inLanguage":"es"},{"@type":"Organization","@id":"https:\/\/sircan.cat\/tienda\/#organization","name":"Sircan - Hospital Veterinari Sitges","url":"https:\/\/sircan.cat\/tienda\/","logo":{"@type":"ImageObject","inLanguage":"es","@id":"https:\/\/sircan.cat\/tienda\/#\/schema\/logo\/image\/","url":"https:\/\/sircan.cat\/tienda\/wp-content\/uploads\/2023\/04\/cropped-logo_web.jpg","contentUrl":"https:\/\/sircan.cat\/tienda\/wp-content\/uploads\/2023\/04\/cropped-logo_web.jpg","width":105,"height":104,"caption":"Sircan - Hospital Veterinari Sitges"},"image":{"@id":"https:\/\/sircan.cat\/tienda\/#\/schema\/logo\/image\/"}}]}},"_links":{"self":[{"href":"https:\/\/sircan.cat\/tienda\/wp-json\/wp\/v2\/product\/5597","targetHints":{"allow":["GET"]}}],"collection":[{"href":"https:\/\/sircan.cat\/tienda\/wp-json\/wp\/v2\/product"}],"about":[{"href":"https:\/\/sircan.cat\/tienda\/wp-json\/wp\/v2\/types\/product"}],"wp:featuredmedia":[{"embeddable":true,"href":"https:\/\/sircan.cat\/tienda\/wp-json\/wp\/v2\/media\/5651"}],"wp:attachment":[{"href":"https:\/\/sircan.cat\/tienda\/wp-json\/wp\/v2\/media?parent=5597"}],"wp:term":[{"taxonomy":"product_cat","embeddable":true,"href":"https:\/\/sircan.cat\/tienda\/wp-json\/wp\/v2\/product_cat?post=5597"},{"taxonomy":"product_tag","embeddable":true,"href":"https:\/\/sircan.cat\/tienda\/wp-json\/wp\/v2\/product_tag?post=5597"}],"curies":[{"name":"wp","href":"https:\/\/api.w.org\/{rel}","templated":true}]}}